{"id":422,"date":"2023-12-13T22:17:54","date_gmt":"2023-12-13T21:17:54","guid":{"rendered":"https:\/\/psicofoniapermamme.it\/?page_id=422"},"modified":"2025-02-24T13:41:24","modified_gmt":"2025-02-24T12:41:24","slug":"elisa-benassi","status":"publish","type":"page","link":"https:\/\/psicofoniapermamme.it\/index.php\/elisa-benassi\/","title":{"rendered":"Elisa Benassi"},"content":{"rendered":"<div class=\"wpb-content-wrapper\"><p>[vc_row css_animation=&#8221;&#8221; row_type=&#8221;row&#8221; use_row_as_full_screen_section=&#8221;no&#8221; type=&#8221;grid&#8221; angled_section=&#8221;no&#8221; text_align=&#8221;center&#8221; background_image_as_pattern=&#8221;without_pattern&#8221; background_image=&#8221;148&#8243; css=&#8221;.vc_custom_1523524096487{padding-bottom: 120px !important;background-color: #ffffff !important;}&#8221; z_index=&#8221;&#8221;][vc_column][qode_elements_holder number_of_columns=&#8221;one_column&#8221;][qode_elements_holder_item horizontal_alignment=&#8221;center&#8221; advanced_animations=&#8221;no&#8221; item_padding=&#8221;107px 16% 70px&#8221; item_padding_768_1024=&#8221;107px 10% 70px&#8221; item_padding_600_768=&#8221;107px 4% 70px&#8221; item_padding_480_600=&#8221;107px 0% 70px&#8221; item_padding_480=&#8221;107px 0% 70px&#8221;][vc_column_text]<\/p>\n<h6 style=\"text-align: left;\"><span style=\"color: #ffa100;\">FONDATRICE<\/span><\/h6>\n<p>[\/vc_column_text][vc_empty_space height=&#8221;12px&#8221;][vc_column_text]<\/p>\n<h1 style=\"text-align: left;\">Elisa Benassi<\/h1>\n<p>[\/vc_column_text][vc_empty_space height=&#8221;16px&#8221;][vc_column_text]<\/p>\n<div class=\"wpb_text_column wpb_content_element \">\n<div class=\"wpb_wrapper\" style=\"text-align: left;\"><\/div>\n<\/div>\n<div class=\"separator small left \" style=\"text-align: left;\"><\/div>\n<div class=\"wpb_text_column wpb_content_element \" style=\"text-align: left;\">\n<div class=\"wpb_wrapper\">\n<h5>Psicofonista<br \/>\nMusicologa<br \/>\nMusicoterapeuta<br \/>\nOstetrica<\/h5>\n<\/div>\n<\/div>\n<div class=\"separator small left \" style=\"text-align: left;\"><\/div>\n<div class=\"wpb_text_column wpb_content_element \" style=\"text-align: left;\">\n<div class=\"wpb_wrapper\">\n<p>Prima Psicofonista in Italia, \u00e8 formatrice, docente e ricercatrice.<\/p>\n<p>Sin da giovanissima studia pianoforte presso il Conservatorio \u201cLucio Campiani\u201d di Mantova.<\/p>\n<p>Nel 1981 consegue il diploma di Ostetrica. In sala parto, per mezzo di una spiccata capacit\u00e0 sinestesica, le \u00e8 possibile ottenere molte informazioni sulla trasformazione dei tessuti del canale da parto e sulla progressione del bambino che viene alla luce, a partire dalle voci che si presentano durante il travaglio.<\/p>\n<p>Per comprendere la connessione tra la struttura della voce e l\u2019energia vitale che attraverso di essa si esprime, approfondisce gli studi musicali e nel 1998, si laurea in Musicologia al DAMS.<\/p>\n<p>La continua ricerca sulla relazione tra la voce e la vita la conduce a scoprire la Psicofonia.<\/p>\n<p>Nel 2001 \u00e8 riconosciuta Psicofonista.<\/p>\n<p>Da allora \u00e8 formatrice per il Collegio di Psicofonia, all\u2019interno del quale partecipa all\u2019edizione di opere didattiche e divulgative. Successivamente promuove la fondazione dell\u2019IFREP (Institut de Formation et de Recherche Europ\u00e9en en Psychophonie Marie-Louise Aucher<sup>\u00ae<\/sup>).<\/p>\n<p>Unica Psicofonista nel nostro Paese, sempre dal 2001 introduce e diffonde la Psicofonia anche in Italia, attraverso i Livelli, la gestione dei corsi di formazione, la presentazione della Disciplina presso istituzioni Pubbliche e Private e la partecipazione a Convegni.<\/p>\n<p>Nel 2003 consegue il dottorato in Musicoterapia presso l\u2019Universit\u00e0 \u201cJean Monnet\u201d, dove \u00e8 attualmente formatrice per l\u2019area musicoterapica.<\/p>\n<p>Negli ultimi anni studia in particolar modo le due organizzazioni corporee e vocali, opposte, che si agiscono nella vita e nel parto.<\/p>\n<p>Per questo motivo, accanto alla pratica psicofonetica, crea e fonda presso l\u2019Ospedale di Mantova, il T<em>raining Psicofonetico per il P<\/em><em>arto<sup>\u00ae<\/sup><\/em>. Si tratta del metodo di preparazione al parto che si basa su un uso specifico della voce in grado di agevolare la nascita del bambino. Tale metodo consente di ridurre in modo attivo i tempi del parto e promuove forme importanti di attenuazione del dolore.<\/p>\n<p>Raccoglie la richiesta di moltissime mamme che dopo il parto chiedono di incontrarla di nuovo. Realizza cos\u00ec presso il Consultorio UCIPEM di Mantova gli incontri di Canto Postnatale dove le mamme si sentono sapientemente accompagnate<span class=\"Apple-converted-space\">\u00a0 <\/span>nella loro esperienza di maternit\u00e0.<br \/>\nInoltre, presso il Consultorio UCIPEM di Mantova crea il metodo di recupero del tono del piano perineale attraverso la voce.Oggi il suo interesse si rivolge particolarmente agli aspetti artistici, benefici e terapeutici dell\u2019uso della voce: ogni persona pu\u00f2 accrescere il proprio benessere, la propria salute fisica, psichica e di relazione, quando \u00e8 consapevole della connessione che esiste tra S\u00e9 e il proprio Suono, tra S\u00e9 e la propria Parola.<\/p>\n<p>Nel 2016 fonda ESSEREVOCE\u00a0<sup>\u00ae<\/sup>\u00a0\u2013 Accademia Internazionale di Psicofonia <sup>\u00ae<\/sup><\/p>\n<p>E\u2019 una scuola di Alta Formazione che ha lo scopo trasferire a professionisti di vari campi, conoscenze e competenze uniche, che sono state sviluppate in quindici anni di ricerca e che hanno dato sviluppo scientifico ai contenuti teorici della disciplina.<\/p>\n<\/div>\n<\/div>\n<div class=\"vc_empty_space\" style=\"text-align: left;\"><\/div>\n<div class=\"wpb_text_column wpb_content_element \">\n<div class=\"wpb_wrapper\">\n<div class=\"separator small left \" style=\"text-align: left;\"><\/div>\n<h3 style=\"text-align: left;\"><\/h3>\n<h3 style=\"text-align: left;\">Iscrizione agli Albi Professionali<\/h3>\n<p style=\"text-align: left;\">Albo Professionale delle Ostetriche, Mantova, numero di identificazione 652 del 17 Luglio 1981.<\/p>\n<p style=\"text-align: left;\">Registro Professionale Europeo degli Specialisti in discipline psicologiche\/artiterapie, Bruxelles, numero di identificazione AT04-M.<\/p>\n<p style=\"text-align: left;\">Registro Professionale Europeo dei Formatori in discipline Psicologiche, Bruxelles, numero di identificazione FO 51.<\/p>\n<p style=\"text-align: left;\">Registro Professionale di Arteterapeuta Supervisor SIAF Italia, numero di identificazione LO067S-AR<\/p>\n<div class=\"separator small left \" style=\"text-align: left;\"><\/div>\n<h3 style=\"text-align: left;\"><\/h3>\n<h3 style=\"text-align: left;\">Relazioni a Convegni<\/h3>\n<p style=\"text-align: left;\"><strong>Sonoramente vibrando<\/strong> \u2013 Seminario residenziale s.i.m.p.a.t. \u201cCorpo-sa-mente\u201d, Associazione s.i.m.p.a.t, Ancona, 28-29 aprile 2018<\/p>\n<p style=\"text-align: left;\"><strong>La Psicofonia. Dalla voce al linguaggio attraverso il corpo-memoria<\/strong> \u2013 Convegno \u201cPrima della dislessia?\u2026 S\u00ec, prima di tutto. Metodi e strumenti per insegnanti per prevenire i DSA\u201d, Associazione Antantes, Firenze, 17 novembre 2017<\/p>\n<p style=\"text-align: left;\"><strong>L\u2019originario nel suono<\/strong> \u2013 Convegno \u201cRilfessioni sull\u2019essere Umano\u201d, Associazione Arte dell\u2019Io e umanit\u00e0, Verona, 21 Ottobre 2017<\/p>\n<p style=\"text-align: left;\"><strong>La voce e il carattere<\/strong> \u2013 Percorso triennale \u201cOgni biografia \u00e8 un\u2019opera d\u2019arte\u201d, Associazione Arte dell\u2019Io e umanit\u00e0, Verona, 8-10 settembre 2017<\/p>\n<p style=\"text-align: left;\"><strong>La Psicofonia. Il gesto vocale per acquisire nuova Grazia<\/strong> \u2013 X Seminario di Lavarone \u201cParlare con Grazia e fare di ogni ora un\u2019opera d\u2019arte\u201d (E. Berne, 1970), ITACA Internationale Transactional Analyst for Childhood and Adolescence, Lavarone, 1-3 settembre 2017<\/p>\n<p style=\"text-align: left;\"><strong>La voce, da epifenomeno a strumento di crescita<\/strong>, relazione e laboratorio \u2013 Giornata di studio sulla vocalit\u00e0 in musicoterapia\u201d, Universit\u00e0 Jean Monnet, Spazio Gershwin, Padova, 19 marzo 2017<\/p>\n<p style=\"text-align: left;\"><strong>La vita prenatale e le basi dell\u2019Io\u00a0<\/strong> \u2013 Percorso triennale \u201cOgni biografia \u00e8 un\u2019opera d\u2019arte\u201d, Associazione Arte dell\u2019Io e umanit\u00e0, Verona, 23-24 giugno 2016<\/p>\n<p style=\"text-align: left;\"><strong>La Psicofonia nei percorsi di cura<\/strong> \u2013 Giornata introduttiva alle discipline musicoterapiche, Universit\u00e0 Jean Monnet, Spazio Gershwin Padova, 21-22 maggio 2016<\/p>\n<p style=\"text-align: left;\"><strong>La Psicofonia, un modello di Musicoterapia fondato sull\u2019uso della voce<\/strong> \u2013 Congresso Internazionale Persona, Voce, Identit\u00e0, Fondazione G.E. Ghirardi, 2\u00b0servizio di Psichiatria USLL16 Padova, Villa Contarini \u2013 Anfiteatrto Negrelli, Piazzola sul Brenta, 15-17 ottobre 2015<\/p>\n<p style=\"text-align: left;\"><strong>Una voce per nascere, una voce per rinascere<\/strong> \u2013 Giornata di studio \u201cPer le donne\u201d, Sala Consigliare del Comune di Cecina, 8 marzo 2015<\/p>\n<p style=\"text-align: left;\"><strong>Naturalmente canto <\/strong>\u2013 Giornata di studio \u201cTracce in musicoterapia\u201d, Universit\u00e0 Jean Monnet, Giardino di Cristallo, Padova, 14 giugno 2014<\/p>\n<p style=\"text-align: left;\"><strong>L\u2019Uomo Sonoro e la Psicofonia,<\/strong> in Convegno Internazionale AICI \u201cInsegnare canto nel terzo millennio\u201d, Mantova, 12-13 aprile 2014.<\/p>\n<p style=\"text-align: left;\"><strong>Quando la voce intesse la gravidanza di suoni e di senso<\/strong> \u2013 Convegno \u201cLa musica aiuta e guarisce\u201d, Facolt\u00e0 di Scienze della Formazione, relazione dal titolo, Bressanone, 8-9 novembre 2013<\/p>\n<p style=\"text-align: left;\"><strong>Partorire e nascere con la musica<\/strong> \u2013 Convegno \u201cL\u2019altro parto: dall\u2019acqua alle medicine complementari\u201d, Firenze, 25 maggio 2013.<\/p>\n<p style=\"text-align: left;\"><strong>La Psicofonia<\/strong> \u2013 VIII Congresso Confiam di Musicoterapia \u201cSuoni, tempi e ritmi nelle relazioni di cura. Opportunit\u00e0 musicali nella salute mentale\u201d, Padova, 23-24 maggio 2013<\/p>\n<p style=\"text-align: left;\"><strong>Quale voce per quale parto<\/strong> \u2013 Seminario SIE \u2013 Societ\u00e0 Italiana di Ergonomia, relazione dal titolo, Firenze, 16 aprile 2013<\/p>\n<p style=\"text-align: left;\"><strong>Il canto prenatale. Quando la voce d\u00e0 l\u2019avvio allo sviluppo neuroaffettivo del bambino<\/strong> \u2013 Convegno Internazionale AICI \u201cInsegnare canto nel terzo millennio\u201d, Mantova, 21-22 maggio 2012<\/p>\n<p style=\"text-align: left;\"><strong>La mia voce: strumento endogeno di salute e di benessere<\/strong> \u2013 Convegno Festival Chiarissima, Chiari BS, 4 Maggio 2012<\/p>\n<p style=\"text-align: left;\"><strong>La voce come strumento di armonizzazione personale<\/strong> \u2013 Convegno \u201cBenessere al parco\u201d, Brescia, 25-26 settembre 2012<\/p>\n<p style=\"text-align: left;\"><strong>La voce del cuore<\/strong> \u2013 Convegno \u201cFare ed essere famiglia oggi\u201d, Mantova, 11 maggio 2012<\/p>\n<p style=\"text-align: left;\"><strong>Chiare fresche e dolci\u2026Voci. La voce come forma di armonizzazione e di espressione di s\u00e9<\/strong>, Idea Salute, Brescia, 29 novembre 2010.<\/p>\n<p style=\"text-align: left;\"><strong>I suoni del parto. Dall\u2019esperienza all\u2019evidenza<\/strong> \u2013 Convegno \u201cIl parto \u00e8 un\u2019altra cosa\u201d, Firenze, 29-30 ottobre 2010.<\/p>\n<\/div>\n<\/div>\n<p>[\/vc_column_text][\/qode_elements_holder_item][\/qode_elements_holder][\/vc_column][\/vc_row][vc_row row_type=&#8221;parallax&#8221; parallax_content_width=&#8221;in_grid&#8221; text_align=&#8221;center&#8221; full_screen_section_height=&#8221;no&#8221; background_image=&#8221;101&#8243; css=&#8221;.vc_custom_1702502332047{padding-top: 85px !important;padding-bottom: 85px !important;}&#8221;][vc_column][vc_row_inner row_type=&#8221;row&#8221; type=&#8221;full_width&#8221; text_align=&#8221;left&#8221; css_animation=&#8221;&#8221; css=&#8221;.vc_custom_1702502323210{padding-top: 105px !important;padding-bottom: 105px !important;}&#8221; background_color=&#8221;#3600ff&#8221;][vc_column_inner width=&#8221;1\/2&#8243; offset=&#8221;vc_col-md-3&#8243;]<div class=\"q_counter_holder  center\" style=\"\" data-element-appearance=\"100\" data-digit=\"30\"><span class=\"counter  zero\" style=\"color: #ffffff;font-size: 72px;font-weight: 400;\">30<\/span><p class=\"counter_text\" style=\"font-size: 18px;font-weight: 600;text-transform: uppercase;color: #ffffff;\">Anni di esperienza<\/p><\/div>[\/vc_column_inner][vc_column_inner width=&#8221;1\/2&#8243; offset=&#8221;vc_col-md-3&#8243;]<div class=\"q_counter_holder  center\" style=\"\" data-element-appearance=\"100\" data-digit=\"8500\"><span class=\"counter  zero\" style=\"color: #ffffff;font-size: 72px;font-weight: 400;\">8500<\/span><p class=\"counter_text\" style=\"font-size: 18px;font-weight: 600;text-transform: uppercase;color: #ffffff;\">Mamme seguite<\/p><\/div>[\/vc_column_inner][vc_column_inner width=&#8221;1\/2&#8243; offset=&#8221;vc_col-md-3&#8243;]<div class=\"q_counter_holder  center\" style=\"\" data-element-appearance=\"100\" data-digit=\"25\"><span class=\"counter  zero\" style=\"color: #ffffff;font-size: 72px;font-weight: 400;\">25<\/span><p class=\"counter_text\" style=\"font-size: 18px;font-weight: 600;text-transform: uppercase;color: #ffffff;\">Operatrici formate<\/p><\/div>[\/vc_column_inner][vc_column_inner width=&#8221;1\/2&#8243; offset=&#8221;vc_col-md-3&#8243;]<div class=\"q_counter_holder  center\" style=\"\" data-element-appearance=\"100\" data-digit=\"11000\"><span class=\"counter  zero\" style=\"color: #ffffff;font-size: 72px;font-weight: 400;\">11000<\/span><p class=\"counter_text\" style=\"font-size: 18px;font-weight: 600;text-transform: uppercase;color: #ffffff;\">Bambini coccolati<\/p><\/div>[\/vc_column_inner][\/vc_row_inner][\/vc_column][\/vc_row][vc_row css_animation=&#8221;&#8221; row_type=&#8221;row&#8221; use_row_as_full_screen_section=&#8221;no&#8221; type=&#8221;grid&#8221; angled_section=&#8221;no&#8221; text_align=&#8221;center&#8221; background_image_as_pattern=&#8221;without_pattern&#8221; z_index=&#8221;&#8221; css=&#8221;.vc_custom_1523627992825{padding-top: 128px !important;padding-bottom: 98px !important;}&#8221;][vc_column][vc_column_text]<\/p>\n<h1>Le esperienze delle mamme<\/h1>\n<p>[\/vc_column_text][vc_empty_space height=&#8221;20px&#8221;][qode_elements_holder number_of_columns=&#8221;one_column&#8221;][qode_elements_holder_item horizontal_alignment=&#8221;center&#8221; advanced_animations=&#8221;no&#8221; item_padding=&#8221;32px 6% 35px&#8221; item_padding_768_1024=&#8221;40px 10% 70px&#8221; item_padding_600_768=&#8221;40px 0% 70px&#8221; item_padding_480_600=&#8221;40px 0% 70px&#8221; item_padding_480=&#8221;40px 0% 70px&#8221;]<div class='testimonials_holder clearfix dark'><div class=\"testimonials testimonials_carousel\" data-show-navigation=\"yes\" data-animation-type=\"fade\" data-animation-speed=\"\" data-auto-rotate-slides=\"3\" data-number-per-slide=\"1\"><ul class=\"slides\"><li id=\"testimonials401\" class=\"testimonial_content\"><div class=\"testimonial_content_inner\"><div class=\"testimonial_image_holder\"><img decoding=\"async\" itemprop=\"image\" src=\"\" \/><\/div><div class=\"testimonial_text_holder\"><div class=\"testimonial_text_inner\" style=\"color: #262626;\"><p style='color:#262626;'>Un magnifico momento di incontro con il mio bambino. Sono stata accompagnata durante tutta la mia gravidanza e mi sono trovata benissimo.<\/p><p class=\"testimonial_author\" style=\"color: #262626;color: #3600ff;\">Camilla<\/p><\/div><\/div><\/div><\/li><li id=\"testimonials402\" class=\"testimonial_content\"><div class=\"testimonial_content_inner\"><div class=\"testimonial_image_holder\"><img decoding=\"async\" itemprop=\"image\" src=\"\" \/><\/div><div class=\"testimonial_text_holder\"><div class=\"testimonial_text_inner\" style=\"color: #262626;\"><p style='color:#262626;'>Avevo paura di affrontare i momenti del parto e di non esserne in grado. Mi ha aiutato a comprendere tutti i processi, ad affidarmi al mio corpo e voce, e farcela.<\/p><p class=\"testimonial_author\" style=\"color: #262626;color: #3600ff;\">Giulia<\/p><\/div><\/div><\/div><\/li><\/ul><\/div><\/div>[\/qode_elements_holder_item][\/qode_elements_holder][\/vc_column][\/vc_row][vc_row css_animation=&#8221;&#8221; row_type=&#8221;row&#8221; use_row_as_full_screen_section=&#8221;no&#8221; type=&#8221;grid&#8221; angled_section=&#8221;no&#8221; text_align=&#8221;left&#8221; background_image_as_pattern=&#8221;without_pattern&#8221; background_image=&#8221;432&#8243; z_index=&#8221;&#8221;][vc_column][qode_elements_holder number_of_columns=&#8221;two_columns&#8221;][qode_elements_holder_item advanced_animations=&#8221;no&#8221; item_padding=&#8221;170px 19% 170px 0px&#8221; item_padding_1280_1440=&#8221;165px 11% 170px 0px&#8221; item_padding_600_768=&#8221;90px 33% 80px 0px&#8221; item_padding_480_600=&#8221;100px 0%&#8221; item_padding_480=&#8221;100px 0%&#8221;][vc_column_text]<\/p>\n<h1><span style=\"color: #ffffff;\">Prenota un incontro con Elisa Benassi<\/span><\/h1>\n<p>[\/vc_column_text][vc_empty_space height=&#8221;21px&#8221;][vc_column_text]<\/p>\n<h5><span style=\"color: #ffffff;\">Affrontare il percorso della gravidanza e della nascita pu\u00f2 essere difficile, soprattutto se sopraggiunge la sensazione di solitudine. Un percorso guidato con una professionista, attiva nel campo da oltre 30 anni, che sapr\u00e0 indirizzarti in modo specifico, a seconda delle esigenze<\/span><\/h5>\n<p>[\/vc_column_text][vc_empty_space height=&#8221;50px&#8221;]\n\n\t<a href=\"https:\/\/wa.me\/393343231558?text=Buongiorno,%20sono%20interessata%20a%20un%20incontro%20con%20Elisa%20Benassi%20per%20psicofonia%20per%20mamme,%20posso%20essere%20ricontattata?%20Grazie\" target=\"_self\" style=\"color: #595959\" class=\"qode-btn qode-btn-medium qode-btn-solid qode-btn-icon qode-btn-icon-rotate\"  >\n\t    <span class=\"qode-btn-text\">Inizia qui<\/span><span class=\"qode-button-v2-icon-holder\"  ><i class=\"qodef-icon-dripicons dripicon dripicons-chevron-right qode-button-v2-icon-holder-inner\" ><\/i><\/span>\t<\/a>\n\n[\/qode_elements_holder_item][qode_elements_holder_item advanced_animations=&#8221;no&#8221;][\/qode_elements_holder_item][\/qode_elements_holder][\/vc_column][\/vc_row][vc_row css_animation=&#8221;&#8221; row_type=&#8221;row&#8221; use_row_as_full_screen_section=&#8221;no&#8221; type=&#8221;full_width&#8221; angled_section=&#8221;no&#8221; text_align=&#8221;center&#8221; background_image_as_pattern=&#8221;without_pattern&#8221; z_index=&#8221;&#8221;][vc_column]<a  itemprop=\"url\" href=\"#\" target=\"_self\" data-hover-background-color='#ffa100' data-hover-border-color='#ffa100' data-hover-color='#ffffff' class=\"qbutton  big_large_full_width center default\" style=\"color: #ffffff; border-color: #3600ff; background-color: #3600ff;\">Iscriviti alla newsletter<\/a>[\/vc_column][\/vc_row]<\/p>\n<\/div>","protected":false},"excerpt":{"rendered":"<p>[vc_row css_animation=&#8221;&#8221; row_type=&#8221;row&#8221; use_row_as_full_screen_section=&#8221;no&#8221; type=&#8221;grid&#8221; angled_section=&#8221;no&#8221; text_align=&#8221;center&#8221; background_image_as_pattern=&#8221;without_pattern&#8221; background_image=&#8221;148&#8243; css=&#8221;.vc_custom_1523524096487{padding-bottom: 120px !important;background-color: #ffffff !important;}&#8221; z_index=&#8221;&#8221;][vc_column][qode_elements_holder number_of_columns=&#8221;one_column&#8221;][qode_elements_holder_item horizontal_alignment=&#8221;center&#8221; advanced_animations=&#8221;no&#8221; item_padding=&#8221;107px 16% 70px&#8221; item_padding_768_1024=&#8221;107px 10% 70px&#8221; item_padding_600_768=&#8221;107px 4% 70px&#8221; item_padding_480_600=&#8221;107px 0% 70px&#8221; item_padding_480=&#8221;107px 0% 70px&#8221;][vc_column_text] FONDATRICE [\/vc_column_text][vc_empty_space height=&#8221;12px&#8221;][vc_column_text] Elisa Benassi [\/vc_column_text][vc_empty_space height=&#8221;16px&#8221;][vc_column_text] Psicofonista Musicologa Musicoterapeuta Ostetrica Prima&#8230;<\/p>\n","protected":false},"author":1,"featured_media":0,"parent":0,"menu_order":0,"comment_status":"closed","ping_status":"closed","template":"full_width.php","meta":{"footnotes":""},"class_list":["post-422","page","type-page","status-publish","hentry"],"aioseo_notices":[],"_links":{"self":[{"href":"https:\/\/psicofoniapermamme.it\/index.php\/wp-json\/wp\/v2\/pages\/422","targetHints":{"allow":["GET"]}}],"collection":[{"href":"https:\/\/psicofoniapermamme.it\/index.php\/wp-json\/wp\/v2\/pages"}],"about":[{"href":"https:\/\/psicofoniapermamme.it\/index.php\/wp-json\/wp\/v2\/types\/page"}],"author":[{"embeddable":true,"href":"https:\/\/psicofoniapermamme.it\/index.php\/wp-json\/wp\/v2\/users\/1"}],"replies":[{"embeddable":true,"href":"https:\/\/psicofoniapermamme.it\/index.php\/wp-json\/wp\/v2\/comments?post=422"}],"version-history":[{"count":19,"href":"https:\/\/psicofoniapermamme.it\/index.php\/wp-json\/wp\/v2\/pages\/422\/revisions"}],"predecessor-version":[{"id":684,"href":"https:\/\/psicofoniapermamme.it\/index.php\/wp-json\/wp\/v2\/pages\/422\/revisions\/684"}],"wp:attachment":[{"href":"https:\/\/psicofoniapermamme.it\/index.php\/wp-json\/wp\/v2\/media?parent=422"}],"curies":[{"name":"wp","href":"https:\/\/api.w.org\/{rel}","templated":true}]}}